{"id":27016,"date":"2025-07-19T11:10:30","date_gmt":"2025-07-19T11:10:30","guid":{"rendered":"https:\/\/touringinmorocco.com\/new\/politica-de-privacidad\/"},"modified":"2026-02-24T16:16:12","modified_gmt":"2026-02-24T16:16:12","slug":"politica-de-privacidad","status":"publish","type":"page","link":"https:\/\/touringinmorocco.com\/es\/politica-de-privacidad\/","title":{"rendered":"Pol\u00edtica de Privacidad"},"content":{"rendered":"\n<div id=\"ez-toc-container\" class=\"ez-toc-v2_0_82_2 counter-hierarchy ez-toc-counter ez-toc-grey ez-toc-container-direction\">\n<div class=\"ez-toc-title-container\">\n<p class=\"ez-toc-title\" style=\"cursor:inherit\">\u00cdndice<\/p>\n<span class=\"ez-toc-title-toggle\"><a href=\"#\" class=\"ez-toc-pull-right ez-toc-btn ez-toc-btn-xs ez-toc-btn-default ez-toc-toggle\" aria-label=\"Alternar tabla de contenidos\"><span class=\"ez-toc-js-icon-con\"><span class=\"\"><span class=\"eztoc-hide\" style=\"display:none;\">Toggle<\/span><span class=\"ez-toc-icon-toggle-span\"><svg style=\"fill: #999;color:#999\" xmlns=\"http:\/\/www.w3.org\/2000\/svg\" class=\"list-377408\" width=\"20px\" height=\"20px\" viewBox=\"0 0 24 24\" fill=\"none\"><path d=\"M6 6H4v2h2V6zm14 0H8v2h12V6zM4 11h2v2H4v-2zm16 0H8v2h12v-2zM4 16h2v2H4v-2zm16 0H8v2h12v-2z\" fill=\"currentColor\"><\/path><\/svg><svg style=\"fill: #999;color:#999\" class=\"arrow-unsorted-368013\" xmlns=\"http:\/\/www.w3.org\/2000\/svg\" width=\"10px\" height=\"10px\" viewBox=\"0 0 24 24\" version=\"1.2\" baseProfile=\"tiny\"><path d=\"M18.2 9.3l-6.2-6.3-6.2 6.3c-.2.2-.3.4-.3.7s.1.5.3.7c.2.2.4.3.7.3h11c.3 0 .5-.1.7-.3.2-.2.3-.5.3-.7s-.1-.5-.3-.7zM5.8 14.7l6.2 6.3 6.2-6.3c.2-.2.3-.5.3-.7s-.1-.5-.3-.7c-.2-.2-.4-.3-.7-.3h-11c-.3 0-.5.1-.7.3-.2.2-.3.5-.3.7s.1.5.3.7z\"\/><\/svg><\/span><\/span><\/span><\/a><\/span><\/div>\n<nav><ul class='ez-toc-list ez-toc-list-level-1 eztoc-toggle-hide-by-default' ><li class='ez-toc-page-1 ez-toc-heading-level-2'><a class=\"ez-toc-link ez-toc-heading-1\" href=\"https:\/\/touringinmorocco.com\/es\/politica-de-privacidad\/#Quienes_Somos\" >Quienes Somos<\/a><\/li><li class='ez-toc-page-1 ez-toc-heading-level-2'><a class=\"ez-toc-link ez-toc-heading-2\" href=\"https:\/\/touringinmorocco.com\/es\/politica-de-privacidad\/#Comentarios\" >Comentarios<\/a><\/li><li class='ez-toc-page-1 ez-toc-heading-level-2'><a class=\"ez-toc-link ez-toc-heading-3\" href=\"https:\/\/touringinmorocco.com\/es\/politica-de-privacidad\/#Media\" >Media<\/a><\/li><li class='ez-toc-page-1 ez-toc-heading-level-2'><a class=\"ez-toc-link ez-toc-heading-4\" href=\"https:\/\/touringinmorocco.com\/es\/politica-de-privacidad\/#Cookies\" >Cookies<\/a><\/li><li class='ez-toc-page-1 ez-toc-heading-level-2'><a class=\"ez-toc-link ez-toc-heading-5\" href=\"https:\/\/touringinmorocco.com\/es\/politica-de-privacidad\/#Contenido_incrustado_de_otros_sitios_web\" >Contenido incrustado de otros sitios web<\/a><\/li><li class='ez-toc-page-1 ez-toc-heading-level-2'><a class=\"ez-toc-link ez-toc-heading-6\" href=\"https:\/\/touringinmorocco.com\/es\/politica-de-privacidad\/#Con_quien_compartimos_tus_datos\" >Con qui\u00e9n compartimos tus datos<\/a><\/li><li class='ez-toc-page-1 ez-toc-heading-level-2'><a class=\"ez-toc-link ez-toc-heading-7\" href=\"https:\/\/touringinmorocco.com\/es\/politica-de-privacidad\/#Cuanto_tiempo_conservamos_sus_datos\" >Cu\u00e1nto tiempo conservamos sus datos<\/a><\/li><li class='ez-toc-page-1 ez-toc-heading-level-2'><a class=\"ez-toc-link ez-toc-heading-8\" href=\"https:\/\/touringinmorocco.com\/es\/politica-de-privacidad\/#Que_derechos_tienes_sobre_tus_datos\" >Qu\u00e9 derechos tienes sobre tus datos<\/a><\/li><li class='ez-toc-page-1 ez-toc-heading-level-2'><a class=\"ez-toc-link ez-toc-heading-9\" href=\"https:\/\/touringinmorocco.com\/es\/politica-de-privacidad\/#Donde_se_envian_sus_datos\" >D\u00f3nde se env\u00edan sus datos<\/a><\/li><\/ul><\/nav><\/div>\n<h2 class=\"wp-block-heading\"><span class=\"ez-toc-section\" id=\"Quienes_Somos\"><\/span>Quienes Somos<span class=\"ez-toc-section-end\"><\/span><\/h2>\n\n\n\n<p>La direcci\u00f3n de nuestro sitio web es: https:\/\/touringinmorocco.com\/.<\/p>\n\n\n\n<h2 class=\"wp-block-heading\"><span class=\"ez-toc-section\" id=\"Comentarios\"><\/span>Comentarios<span class=\"ez-toc-section-end\"><\/span><\/h2>\n\n\n\n<p>Cuando los visitantes dejan comentarios en el sitio, recopilamos los datos que se muestran en el formulario de comentarios, y tambi\u00e9n la direcci\u00f3n IP del visitante y la cadena del agente de usuario del navegador para ayudar a la detecci\u00f3n de spam.<\/p>\n\n\n\n<p>Es posible que se proporcione al servicio Gravatar una cadena an\u00f3nima (tambi\u00e9n llamada hash) creada a partir de tu direcci\u00f3n de correo electr\u00f3nico para verificar si la est\u00e1s usando. La pol\u00edtica de privacidad del servicio Gravatar est\u00e1 disponible aqu\u00ed: https:\/\/automattic.com\/privacy\/. Tras la aprobaci\u00f3n de tu comentario, tu foto de perfil ser\u00e1 visible p\u00fablicamente en el contexto del mismo. <\/p>\n\n\n\n<h2 class=\"wp-block-heading\"><span class=\"ez-toc-section\" id=\"Media\"><\/span>Media<span class=\"ez-toc-section-end\"><\/span><\/h2>\n\n\n\n<p>Si sube im\u00e1genes al sitio web, evite subir im\u00e1genes con datos de ubicaci\u00f3n (GPS EXIF). Los visitantes del sitio web pueden descargar y extraer cualquier dato de ubicaci\u00f3n de las im\u00e1genes.<\/p>\n\n\n\n<h2 class=\"wp-block-heading\"><span class=\"ez-toc-section\" id=\"Cookies\"><\/span>Cookies<span class=\"ez-toc-section-end\"><\/span><\/h2>\n\n\n\n<p>Si deja un comentario en nuestro sitio, puede optar por guardar su nombre, direcci\u00f3n de correo electr\u00f3nico y sitio web en cookies. Esto es para su comodidad, para que no tenga que volver a introducir sus datos al dejar otro comentario. Estas cookies tienen una duraci\u00f3n de un a\u00f1o.<\/p>\n\n\n\n<p>Si visita nuestra p\u00e1gina de inicio de sesi\u00f3n, instalaremos una cookie temporal para determinar si su navegador acepta cookies. Esta cookie no contiene datos personales y se elimina al cerrar el navegador. <\/p>\n\n\n\n<p>Al iniciar sesi\u00f3n, tambi\u00e9n instalaremos varias cookies para guardar tu informaci\u00f3n de inicio de sesi\u00f3n y tus preferencias de visualizaci\u00f3n de pantalla. Las cookies de inicio de sesi\u00f3n duran dos d\u00edas, y las de opciones de pantalla, un a\u00f1o. Si seleccionas \u00abRecordarme\u00bb, tu inicio de sesi\u00f3n se conservar\u00e1 durante dos semanas. Si cierras sesi\u00f3n, las cookies de inicio de sesi\u00f3n se eliminar\u00e1n.   <\/p>\n\n\n\n<p>Si editas o publicas un art\u00edculo, se guardar\u00e1 una cookie adicional en tu navegador. Esta cookie no incluye datos personales y simplemente indica el ID de la publicaci\u00f3n del art\u00edculo que acabas de editar. Caduca al cabo de un d\u00eda.  <\/p>\n\n\n\n<h2 class=\"wp-block-heading\"><span class=\"ez-toc-section\" id=\"Contenido_incrustado_de_otros_sitios_web\"><\/span>Contenido incrustado de otros sitios web<span class=\"ez-toc-section-end\"><\/span><\/h2>\n\n\n\n<p>Los art\u00edculos de este sitio pueden incluir contenido incrustado (p. ej., v\u00eddeos, im\u00e1genes, art\u00edculos, etc.). El contenido incrustado de otros sitios web se comporta exactamente igual que si el visitante hubiera visitado el otro sitio web.<\/p>\n\n\n\n<p>Estos sitios web pueden recopilar datos sobre usted, utilizar cookies, incrustar seguimiento adicional de terceros y monitorear su interacci\u00f3n con ese contenido incrustado, incluido el seguimiento de su interacci\u00f3n con el contenido incrustado si tiene una cuenta y est\u00e1 conectado a ese sitio web.<\/p>\n\n\n\n<h2 class=\"wp-block-heading\"><span class=\"ez-toc-section\" id=\"Con_quien_compartimos_tus_datos\"><\/span>Con qui\u00e9n compartimos tus datos<span class=\"ez-toc-section-end\"><\/span><\/h2>\n\n\n\n<p>Si solicita un restablecimiento de contrase\u00f1a, su direcci\u00f3n IP se incluir\u00e1 en el correo electr\u00f3nico de restablecimiento.<\/p>\n\n\n\n<h2 class=\"wp-block-heading\"><span class=\"ez-toc-section\" id=\"Cuanto_tiempo_conservamos_sus_datos\"><\/span>Cu\u00e1nto tiempo conservamos sus datos<span class=\"ez-toc-section-end\"><\/span><\/h2>\n\n\n\n<p>Si dejas un comentario, este y sus metadatos se conservan indefinidamente. Esto nos permite reconocer y aprobar autom\u00e1ticamente cualquier comentario posterior, en lugar de mantenerlo en una cola de moderaci\u00f3n.<\/p>\n\n\n\n<p>De los usuarios que se registran en nuestro sitio web (si los hay), tambi\u00e9n almacenamos la informaci\u00f3n personal que proporcionan en su perfil. Todos los usuarios pueden ver, editar o eliminar su informaci\u00f3n personal en cualquier momento (excepto que no pueden cambiar su nombre de usuario). Los administradores del sitio web tambi\u00e9n pueden ver y editar dicha informaci\u00f3n.  <\/p>\n\n\n\n<h2 class=\"wp-block-heading\"><span class=\"ez-toc-section\" id=\"Que_derechos_tienes_sobre_tus_datos\"><\/span>Qu\u00e9 derechos tienes sobre tus datos<span class=\"ez-toc-section-end\"><\/span><\/h2>\n\n\n\n<p>Si tiene una cuenta en este sitio o ha dejado comentarios, puede solicitar un archivo exportado de los datos personales que tenemos sobre usted, incluyendo cualquier dato que nos haya proporcionado. Tambi\u00e9n puede solicitar que eliminemos cualquier dato personal que tengamos sobre usted. Esto no incluye los datos que estemos obligados a conservar con fines administrativos, legales o de seguridad.<\/p>\n\n\n\n<h2 class=\"wp-block-heading\"><span class=\"ez-toc-section\" id=\"Donde_se_envian_sus_datos\"><\/span>D\u00f3nde se env\u00edan sus datos<span class=\"ez-toc-section-end\"><\/span><\/h2>\n\n\n\n<p>Los comentarios de los visitantes pueden revisarse a trav\u00e9s de un servicio de detecci\u00f3n autom\u00e1tica de spam.<\/p>\n","protected":false},"excerpt":{"rendered":"<p>Quienes Somos La direcci\u00f3n de nuestro sitio web es: https:\/\/touringinmorocco.com\/. Comentarios Cuando los visitantes dejan comentarios en el sitio, recopilamos los datos que se muestran en el formulario de comentarios, y tambi\u00e9n la direcci\u00f3n IP del visitante y la cadena del agente de usuario del navegador para ayudar a la detecci\u00f3n de spam. Es posible [&hellip;]<\/p>\n","protected":false},"author":1,"featured_media":0,"parent":0,"menu_order":0,"comment_status":"closed","ping_status":"open","template":"","meta":{"_uag_custom_page_level_css":"","_joinchat":[],"footnotes":""},"class_list":["post-27016","page","type-page","status-publish","hentry"],"yoast_head":"<!-- This site is optimized with the Yoast SEO plugin v27.5 - https:\/\/yoast.com\/product\/yoast-seo-wordpress\/ -->\n<title>Pol\u00edtica de Privacidad - Touring In Morocco<\/title>\n<meta name=\"description\" content=\"Explore nuestra p\u00e1gina de Pol\u00edtica de privacidad para comprender c\u00f3mo priorizamos la seguridad y confidencialidad de sus datos.\" \/>\n<meta name=\"robots\" content=\"index, follow, max-snippet:-1, max-image-preview:large, max-video-preview:-1\" \/>\n<link rel=\"canonical\" href=\"https:\/\/touringinmorocco.com\/es\/politica-de-privacidad\/\" \/>\n<meta property=\"og:locale\" content=\"es_ES\" \/>\n<meta property=\"og:type\" content=\"article\" \/>\n<meta property=\"og:title\" content=\"Pol\u00edtica de Privacidad - Touring In Morocco\" \/>\n<meta property=\"og:description\" content=\"Explore nuestra p\u00e1gina de Pol\u00edtica de privacidad para comprender c\u00f3mo priorizamos la seguridad y confidencialidad de sus datos.\" \/>\n<meta property=\"og:url\" content=\"https:\/\/touringinmorocco.com\/es\/politica-de-privacidad\/\" \/>\n<meta property=\"og:site_name\" content=\"Touring In Morocco\" \/>\n<meta property=\"article:modified_time\" content=\"2026-02-24T16:16:12+00:00\" \/>\n<meta name=\"twitter:card\" content=\"summary_large_image\" \/>\n<meta name=\"twitter:label1\" content=\"Tiempo de lectura\" \/>\n\t<meta name=\"twitter:data1\" content=\"3 minutos\" \/>\n<script type=\"application\/ld+json\" class=\"yoast-schema-graph\">{\"@context\":\"https:\\\/\\\/schema.org\",\"@graph\":[{\"@type\":\"WebPage\",\"@id\":\"https:\\\/\\\/touringinmorocco.com\\\/es\\\/politica-de-privacidad\\\/\",\"url\":\"https:\\\/\\\/touringinmorocco.com\\\/es\\\/politica-de-privacidad\\\/\",\"name\":\"Pol\u00edtica de Privacidad - Touring In Morocco\",\"isPartOf\":{\"@id\":\"https:\\\/\\\/touringinmorocco.com\\\/es\\\/#website\"},\"datePublished\":\"2025-07-19T11:10:30+00:00\",\"dateModified\":\"2026-02-24T16:16:12+00:00\",\"description\":\"Explore nuestra p\u00e1gina de Pol\u00edtica de privacidad para comprender c\u00f3mo priorizamos la seguridad y confidencialidad de sus datos.\",\"breadcrumb\":{\"@id\":\"https:\\\/\\\/touringinmorocco.com\\\/es\\\/politica-de-privacidad\\\/#breadcrumb\"},\"inLanguage\":\"es\",\"potentialAction\":[{\"@type\":\"ReadAction\",\"target\":[\"https:\\\/\\\/touringinmorocco.com\\\/es\\\/politica-de-privacidad\\\/\"]}]},{\"@type\":\"BreadcrumbList\",\"@id\":\"https:\\\/\\\/touringinmorocco.com\\\/es\\\/politica-de-privacidad\\\/#breadcrumb\",\"itemListElement\":[{\"@type\":\"ListItem\",\"position\":1,\"name\":\"Inicio\",\"item\":\"https:\\\/\\\/touringinmorocco.com\\\/es\\\/\"},{\"@type\":\"ListItem\",\"position\":2,\"name\":\"Pol\u00edtica de Privacidad\"}]},{\"@type\":\"WebSite\",\"@id\":\"https:\\\/\\\/touringinmorocco.com\\\/es\\\/#website\",\"url\":\"https:\\\/\\\/touringinmorocco.com\\\/es\\\/\",\"name\":\"Touring In Morocco\",\"description\":\"Morocco Tours\",\"potentialAction\":[{\"@type\":\"SearchAction\",\"target\":{\"@type\":\"EntryPoint\",\"urlTemplate\":\"https:\\\/\\\/touringinmorocco.com\\\/es\\\/?s={search_term_string}\"},\"query-input\":{\"@type\":\"PropertyValueSpecification\",\"valueRequired\":true,\"valueName\":\"search_term_string\"}}],\"inLanguage\":\"es\"}]}<\/script>\n<!-- \/ Yoast SEO plugin. -->","yoast_head_json":{"title":"Pol\u00edtica de Privacidad - Touring In Morocco","description":"Explore nuestra p\u00e1gina de Pol\u00edtica de privacidad para comprender c\u00f3mo priorizamos la seguridad y confidencialidad de sus datos.","robots":{"index":"index","follow":"follow","max-snippet":"max-snippet:-1","max-image-preview":"max-image-preview:large","max-video-preview":"max-video-preview:-1"},"canonical":"https:\/\/touringinmorocco.com\/es\/politica-de-privacidad\/","og_locale":"es_ES","og_type":"article","og_title":"Pol\u00edtica de Privacidad - Touring In Morocco","og_description":"Explore nuestra p\u00e1gina de Pol\u00edtica de privacidad para comprender c\u00f3mo priorizamos la seguridad y confidencialidad de sus datos.","og_url":"https:\/\/touringinmorocco.com\/es\/politica-de-privacidad\/","og_site_name":"Touring In Morocco","article_modified_time":"2026-02-24T16:16:12+00:00","twitter_card":"summary_large_image","twitter_misc":{"Tiempo de lectura":"3 minutos"},"schema":{"@context":"https:\/\/schema.org","@graph":[{"@type":"WebPage","@id":"https:\/\/touringinmorocco.com\/es\/politica-de-privacidad\/","url":"https:\/\/touringinmorocco.com\/es\/politica-de-privacidad\/","name":"Pol\u00edtica de Privacidad - Touring In Morocco","isPartOf":{"@id":"https:\/\/touringinmorocco.com\/es\/#website"},"datePublished":"2025-07-19T11:10:30+00:00","dateModified":"2026-02-24T16:16:12+00:00","description":"Explore nuestra p\u00e1gina de Pol\u00edtica de privacidad para comprender c\u00f3mo priorizamos la seguridad y confidencialidad de sus datos.","breadcrumb":{"@id":"https:\/\/touringinmorocco.com\/es\/politica-de-privacidad\/#breadcrumb"},"inLanguage":"es","potentialAction":[{"@type":"ReadAction","target":["https:\/\/touringinmorocco.com\/es\/politica-de-privacidad\/"]}]},{"@type":"BreadcrumbList","@id":"https:\/\/touringinmorocco.com\/es\/politica-de-privacidad\/#breadcrumb","itemListElement":[{"@type":"ListItem","position":1,"name":"Inicio","item":"https:\/\/touringinmorocco.com\/es\/"},{"@type":"ListItem","position":2,"name":"Pol\u00edtica de Privacidad"}]},{"@type":"WebSite","@id":"https:\/\/touringinmorocco.com\/es\/#website","url":"https:\/\/touringinmorocco.com\/es\/","name":"Touring In Morocco","description":"Morocco Tours","potentialAction":[{"@type":"SearchAction","target":{"@type":"EntryPoint","urlTemplate":"https:\/\/touringinmorocco.com\/es\/?s={search_term_string}"},"query-input":{"@type":"PropertyValueSpecification","valueRequired":true,"valueName":"search_term_string"}}],"inLanguage":"es"}]}},"uagb_featured_image_src":{"full":false,"thumbnail":false,"medium":false,"medium_large":false,"large":false,"1536x1536":false,"2048x2048":false,"Personnel Thumbnail":false,"Portfolio Thumbnail":false,"Portfolio Thumbnail Portrait":false,"Portfolio Thumbnail Portrait 2":false,"Large Landscape":false,"Large Landscape 2":false,"Portfolio Side Description Large":false,"Blog Full Thumbnail":false,"Blog Column Thumbnail":false,"Personnel Thumbnail 2":false,"Large Landscape 3":false,"Personnel Square":false,"Tour Category":false,"Tour Side Thumbnail":false,"Tour Cat Featured":false},"uagb_author_info":{"display_name":"Touring In Morocco","author_link":"https:\/\/touringinmorocco.com\/es\/author\/imaginetouring\/"},"uagb_comment_info":0,"uagb_excerpt":"Quienes Somos La direcci\u00f3n de nuestro sitio web es: https:\/\/touringinmorocco.com\/. Comentarios Cuando los visitantes dejan comentarios en el sitio, recopilamos los datos que se muestran en el formulario de comentarios, y tambi\u00e9n la direcci\u00f3n IP del visitante y la cadena del agente de usuario del navegador para ayudar a la detecci\u00f3n de spam. Es posible&hellip;","_links":{"self":[{"href":"https:\/\/touringinmorocco.com\/es\/wp-json\/wp\/v2\/pages\/27016","targetHints":{"allow":["GET"]}}],"collection":[{"href":"https:\/\/touringinmorocco.com\/es\/wp-json\/wp\/v2\/pages"}],"about":[{"href":"https:\/\/touringinmorocco.com\/es\/wp-json\/wp\/v2\/types\/page"}],"author":[{"embeddable":true,"href":"https:\/\/touringinmorocco.com\/es\/wp-json\/wp\/v2\/users\/1"}],"replies":[{"embeddable":true,"href":"https:\/\/touringinmorocco.com\/es\/wp-json\/wp\/v2\/comments?post=27016"}],"version-history":[{"count":4,"href":"https:\/\/touringinmorocco.com\/es\/wp-json\/wp\/v2\/pages\/27016\/revisions"}],"predecessor-version":[{"id":27024,"href":"https:\/\/touringinmorocco.com\/es\/wp-json\/wp\/v2\/pages\/27016\/revisions\/27024"}],"wp:attachment":[{"href":"https:\/\/touringinmorocco.com\/es\/wp-json\/wp\/v2\/media?parent=27016"}],"curies":[{"name":"wp","href":"https:\/\/api.w.org\/{rel}","templated":true}]}}