{"id":26733,"date":"2024-07-06T13:36:23","date_gmt":"2024-07-06T13:36:23","guid":{"rendered":"https:\/\/touringinmorocco.com\/new\/luna-de-miel-en-marruecos\/"},"modified":"2026-02-15T11:24:36","modified_gmt":"2026-02-15T11:24:36","slug":"luna-de-miel-en-marruecos","status":"publish","type":"page","link":"https:\/\/touringinmorocco.com\/es\/luna-de-miel-en-marruecos\/","title":{"rendered":"Paquetes de Luna de Miel en Marruecos | Tours Rom\u00e1nticos"},"content":{"rendered":"\n<span><span><a href=\"https:\/\/touringinmorocco.com\/es\/\">Inicio<\/a><\/span><\/span>\n","protected":false},"excerpt":{"rendered":"","protected":false},"author":1,"featured_media":25325,"parent":0,"menu_order":0,"comment_status":"closed","ping_status":"closed","template":"","meta":{"_uag_custom_page_level_css":"","_joinchat":[],"footnotes":""},"class_list":["post-26733","page","type-page","status-publish","has-post-thumbnail","hentry"],"yoast_head":"<!-- This site is optimized with the Yoast SEO plugin v27.4 - https:\/\/yoast.com\/product\/yoast-seo-wordpress\/ -->\n<title>Paquetes de Luna de Miel en Marruecos | Tours Rom\u00e1nticos - Touring In Morocco<\/title>\n<meta name=\"description\" content=\"Tours rom\u00e1nticos de luna de miel en Marruecos con estancias de lujo, gu\u00edas privados y experiencias inolvidables en el desierto y m\u00e1s.\" \/>\n<meta name=\"robots\" content=\"index, follow, max-snippet:-1, max-image-preview:large, max-video-preview:-1\" \/>\n<link rel=\"canonical\" href=\"https:\/\/touringinmorocco.com\/es\/luna-de-miel-en-marruecos\/\" \/>\n<meta property=\"og:locale\" content=\"es_ES\" \/>\n<meta property=\"og:type\" content=\"article\" \/>\n<meta property=\"og:title\" content=\"Paquetes de Luna de Miel en Marruecos | Tours Rom\u00e1nticos - Touring In Morocco\" \/>\n<meta property=\"og:description\" content=\"Tours rom\u00e1nticos de luna de miel en Marruecos con estancias de lujo, gu\u00edas privados y experiencias inolvidables en el desierto y m\u00e1s.\" \/>\n<meta property=\"og:url\" content=\"https:\/\/touringinmorocco.com\/es\/luna-de-miel-en-marruecos\/\" \/>\n<meta property=\"og:site_name\" content=\"Touring In Morocco\" \/>\n<meta property=\"article:modified_time\" content=\"2026-02-15T11:24:36+00:00\" \/>\n<meta property=\"og:image\" content=\"https:\/\/touringinmorocco.com\/wp-content\/uploads\/2025\/08\/Honeymoon-in-Morocco-packages-1.jpg\" \/>\n\t<meta property=\"og:image:width\" content=\"1500\" \/>\n\t<meta property=\"og:image:height\" content=\"1000\" \/>\n\t<meta property=\"og:image:type\" content=\"image\/jpeg\" \/>\n<meta name=\"twitter:card\" content=\"summary_large_image\" \/>\n<meta name=\"twitter:label1\" content=\"Tiempo de lectura\" \/>\n\t<meta name=\"twitter:data1\" content=\"5 minutos\" \/>\n<script type=\"application\/ld+json\" class=\"yoast-schema-graph\">{\"@context\":\"https:\\\/\\\/schema.org\",\"@graph\":[{\"@type\":\"WebPage\",\"@id\":\"https:\\\/\\\/touringinmorocco.com\\\/es\\\/luna-de-miel-en-marruecos\\\/\",\"url\":\"https:\\\/\\\/touringinmorocco.com\\\/es\\\/luna-de-miel-en-marruecos\\\/\",\"name\":\"Paquetes de Luna de Miel en Marruecos | Tours Rom\u00e1nticos - Touring In Morocco\",\"isPartOf\":{\"@id\":\"https:\\\/\\\/touringinmorocco.com\\\/es\\\/#website\"},\"primaryImageOfPage\":{\"@id\":\"https:\\\/\\\/touringinmorocco.com\\\/es\\\/luna-de-miel-en-marruecos\\\/#primaryimage\"},\"image\":{\"@id\":\"https:\\\/\\\/touringinmorocco.com\\\/es\\\/luna-de-miel-en-marruecos\\\/#primaryimage\"},\"thumbnailUrl\":\"https:\\\/\\\/touringinmorocco.com\\\/wp-content\\\/uploads\\\/2025\\\/08\\\/Honeymoon-in-Morocco-packages-1.jpg\",\"datePublished\":\"2024-07-06T13:36:23+00:00\",\"dateModified\":\"2026-02-15T11:24:36+00:00\",\"description\":\"Tours rom\u00e1nticos de luna de miel en Marruecos con estancias de lujo, gu\u00edas privados y experiencias inolvidables en el desierto y m\u00e1s.\",\"breadcrumb\":{\"@id\":\"https:\\\/\\\/touringinmorocco.com\\\/es\\\/luna-de-miel-en-marruecos\\\/#breadcrumb\"},\"inLanguage\":\"es\",\"potentialAction\":[{\"@type\":\"ReadAction\",\"target\":[\"https:\\\/\\\/touringinmorocco.com\\\/es\\\/luna-de-miel-en-marruecos\\\/\"]}]},{\"@type\":\"ImageObject\",\"inLanguage\":\"es\",\"@id\":\"https:\\\/\\\/touringinmorocco.com\\\/es\\\/luna-de-miel-en-marruecos\\\/#primaryimage\",\"url\":\"https:\\\/\\\/touringinmorocco.com\\\/wp-content\\\/uploads\\\/2025\\\/08\\\/Honeymoon-in-Morocco-packages-1.jpg\",\"contentUrl\":\"https:\\\/\\\/touringinmorocco.com\\\/wp-content\\\/uploads\\\/2025\\\/08\\\/Honeymoon-in-Morocco-packages-1.jpg\",\"width\":1500,\"height\":1000,\"caption\":\"Paquetes de luna de miel en Marruecos.\"},{\"@type\":\"BreadcrumbList\",\"@id\":\"https:\\\/\\\/touringinmorocco.com\\\/es\\\/luna-de-miel-en-marruecos\\\/#breadcrumb\",\"itemListElement\":[{\"@type\":\"ListItem\",\"position\":1,\"name\":\"Inicio\",\"item\":\"https:\\\/\\\/touringinmorocco.com\\\/es\\\/\"},{\"@type\":\"ListItem\",\"position\":2,\"name\":\"Paquetes de Luna de Miel en Marruecos | Tours Rom\u00e1nticos\"}]},{\"@type\":\"WebSite\",\"@id\":\"https:\\\/\\\/touringinmorocco.com\\\/es\\\/#website\",\"url\":\"https:\\\/\\\/touringinmorocco.com\\\/es\\\/\",\"name\":\"Touring In Morocco\",\"description\":\"Morocco Tours\",\"potentialAction\":[{\"@type\":\"SearchAction\",\"target\":{\"@type\":\"EntryPoint\",\"urlTemplate\":\"https:\\\/\\\/touringinmorocco.com\\\/es\\\/?s={search_term_string}\"},\"query-input\":{\"@type\":\"PropertyValueSpecification\",\"valueRequired\":true,\"valueName\":\"search_term_string\"}}],\"inLanguage\":\"es\"}]}<\/script>\n<!-- \/ Yoast SEO plugin. -->","yoast_head_json":{"title":"Paquetes de Luna de Miel en Marruecos | Tours Rom\u00e1nticos - Touring In Morocco","description":"Tours rom\u00e1nticos de luna de miel en Marruecos con estancias de lujo, gu\u00edas privados y experiencias inolvidables en el desierto y m\u00e1s.","robots":{"index":"index","follow":"follow","max-snippet":"max-snippet:-1","max-image-preview":"max-image-preview:large","max-video-preview":"max-video-preview:-1"},"canonical":"https:\/\/touringinmorocco.com\/es\/luna-de-miel-en-marruecos\/","og_locale":"es_ES","og_type":"article","og_title":"Paquetes de Luna de Miel en Marruecos | Tours Rom\u00e1nticos - Touring In Morocco","og_description":"Tours rom\u00e1nticos de luna de miel en Marruecos con estancias de lujo, gu\u00edas privados y experiencias inolvidables en el desierto y m\u00e1s.","og_url":"https:\/\/touringinmorocco.com\/es\/luna-de-miel-en-marruecos\/","og_site_name":"Touring In Morocco","article_modified_time":"2026-02-15T11:24:36+00:00","og_image":[{"width":1500,"height":1000,"url":"https:\/\/touringinmorocco.com\/wp-content\/uploads\/2025\/08\/Honeymoon-in-Morocco-packages-1.jpg","type":"image\/jpeg"}],"twitter_card":"summary_large_image","twitter_misc":{"Tiempo de lectura":"5 minutos"},"schema":{"@context":"https:\/\/schema.org","@graph":[{"@type":"WebPage","@id":"https:\/\/touringinmorocco.com\/es\/luna-de-miel-en-marruecos\/","url":"https:\/\/touringinmorocco.com\/es\/luna-de-miel-en-marruecos\/","name":"Paquetes de Luna de Miel en Marruecos | Tours Rom\u00e1nticos - Touring In Morocco","isPartOf":{"@id":"https:\/\/touringinmorocco.com\/es\/#website"},"primaryImageOfPage":{"@id":"https:\/\/touringinmorocco.com\/es\/luna-de-miel-en-marruecos\/#primaryimage"},"image":{"@id":"https:\/\/touringinmorocco.com\/es\/luna-de-miel-en-marruecos\/#primaryimage"},"thumbnailUrl":"https:\/\/touringinmorocco.com\/wp-content\/uploads\/2025\/08\/Honeymoon-in-Morocco-packages-1.jpg","datePublished":"2024-07-06T13:36:23+00:00","dateModified":"2026-02-15T11:24:36+00:00","description":"Tours rom\u00e1nticos de luna de miel en Marruecos con estancias de lujo, gu\u00edas privados y experiencias inolvidables en el desierto y m\u00e1s.","breadcrumb":{"@id":"https:\/\/touringinmorocco.com\/es\/luna-de-miel-en-marruecos\/#breadcrumb"},"inLanguage":"es","potentialAction":[{"@type":"ReadAction","target":["https:\/\/touringinmorocco.com\/es\/luna-de-miel-en-marruecos\/"]}]},{"@type":"ImageObject","inLanguage":"es","@id":"https:\/\/touringinmorocco.com\/es\/luna-de-miel-en-marruecos\/#primaryimage","url":"https:\/\/touringinmorocco.com\/wp-content\/uploads\/2025\/08\/Honeymoon-in-Morocco-packages-1.jpg","contentUrl":"https:\/\/touringinmorocco.com\/wp-content\/uploads\/2025\/08\/Honeymoon-in-Morocco-packages-1.jpg","width":1500,"height":1000,"caption":"Paquetes de luna de miel en Marruecos."},{"@type":"BreadcrumbList","@id":"https:\/\/touringinmorocco.com\/es\/luna-de-miel-en-marruecos\/#breadcrumb","itemListElement":[{"@type":"ListItem","position":1,"name":"Inicio","item":"https:\/\/touringinmorocco.com\/es\/"},{"@type":"ListItem","position":2,"name":"Paquetes de Luna de Miel en Marruecos | Tours Rom\u00e1nticos"}]},{"@type":"WebSite","@id":"https:\/\/touringinmorocco.com\/es\/#website","url":"https:\/\/touringinmorocco.com\/es\/","name":"Touring In Morocco","description":"Morocco Tours","potentialAction":[{"@type":"SearchAction","target":{"@type":"EntryPoint","urlTemplate":"https:\/\/touringinmorocco.com\/es\/?s={search_term_string}"},"query-input":{"@type":"PropertyValueSpecification","valueRequired":true,"valueName":"search_term_string"}}],"inLanguage":"es"}]}},"uagb_featured_image_src":{"full":["https:\/\/touringinmorocco.com\/wp-content\/uploads\/2025\/08\/Honeymoon-in-Morocco-packages-1.jpg",1500,1000,false],"thumbnail":["https:\/\/touringinmorocco.com\/wp-content\/uploads\/2025\/08\/Honeymoon-in-Morocco-packages-1-150x150.jpg",150,150,true],"medium":["https:\/\/touringinmorocco.com\/wp-content\/uploads\/2025\/08\/Honeymoon-in-Morocco-packages-1-300x200.jpg",300,200,true],"medium_large":["https:\/\/touringinmorocco.com\/wp-content\/uploads\/2025\/08\/Honeymoon-in-Morocco-packages-1-768x512.jpg",768,512,true],"large":["https:\/\/touringinmorocco.com\/wp-content\/uploads\/2025\/08\/Honeymoon-in-Morocco-packages-1-1024x683.jpg",1024,683,true],"1536x1536":["https:\/\/touringinmorocco.com\/wp-content\/uploads\/2025\/08\/Honeymoon-in-Morocco-packages-1.jpg",1500,1000,false],"2048x2048":["https:\/\/touringinmorocco.com\/wp-content\/uploads\/2025\/08\/Honeymoon-in-Morocco-packages-1.jpg",1500,1000,false],"Personnel Thumbnail":["https:\/\/touringinmorocco.com\/wp-content\/uploads\/2025\/08\/Honeymoon-in-Morocco-packages-1-700x500.jpg",700,500,true],"Portfolio Thumbnail":["https:\/\/touringinmorocco.com\/wp-content\/uploads\/2025\/08\/Honeymoon-in-Morocco-packages-1-700x450.jpg",700,450,true],"Portfolio Thumbnail Portrait":["https:\/\/touringinmorocco.com\/wp-content\/uploads\/2025\/08\/Honeymoon-in-Morocco-packages-1-700x660.jpg",700,660,true],"Portfolio Thumbnail Portrait 2":["https:\/\/touringinmorocco.com\/wp-content\/uploads\/2025\/08\/Honeymoon-in-Morocco-packages-1-600x800.jpg",600,800,true],"Large Landscape":["https:\/\/touringinmorocco.com\/wp-content\/uploads\/2025\/08\/Honeymoon-in-Morocco-packages-1-1280x580.jpg",1280,580,true],"Large Landscape 2":["https:\/\/touringinmorocco.com\/wp-content\/uploads\/2025\/08\/Honeymoon-in-Morocco-packages-1-1500x700.jpg",1500,700,true],"Portfolio Side Description Large":["https:\/\/touringinmorocco.com\/wp-content\/uploads\/2025\/08\/Honeymoon-in-Morocco-packages-1-900x500.jpg",900,500,true],"Blog Full Thumbnail":["https:\/\/touringinmorocco.com\/wp-content\/uploads\/2025\/08\/Honeymoon-in-Morocco-packages-1-1100x490.jpg",1100,490,true],"Blog Column Thumbnail":["https:\/\/touringinmorocco.com\/wp-content\/uploads\/2025\/08\/Honeymoon-in-Morocco-packages-1-700x430.jpg",700,430,true],"Personnel Thumbnail 2":["https:\/\/touringinmorocco.com\/wp-content\/uploads\/2025\/08\/Honeymoon-in-Morocco-packages-1-550x500.jpg",550,500,true],"Large Landscape 3":["https:\/\/touringinmorocco.com\/wp-content\/uploads\/2025\/08\/Honeymoon-in-Morocco-packages-1.jpg",1500,1000,false],"Personnel Square":["https:\/\/touringinmorocco.com\/wp-content\/uploads\/2025\/08\/Honeymoon-in-Morocco-packages-1-600x600.jpg",600,600,true],"Tour Category":["https:\/\/touringinmorocco.com\/wp-content\/uploads\/2025\/08\/Honeymoon-in-Morocco-packages-1-800x960.jpg",800,960,true],"Tour Side Thumbnail":["https:\/\/touringinmorocco.com\/wp-content\/uploads\/2025\/08\/Honeymoon-in-Morocco-packages-1-600x700.jpg",600,700,true],"Tour Cat Featured":["https:\/\/touringinmorocco.com\/wp-content\/uploads\/2025\/08\/Honeymoon-in-Morocco-packages-1-1200x567.jpg",1200,567,true]},"uagb_author_info":{"display_name":"Touring In Morocco","author_link":"https:\/\/touringinmorocco.com\/es\/author\/imaginetouring\/"},"uagb_comment_info":0,"uagb_excerpt":null,"_links":{"self":[{"href":"https:\/\/touringinmorocco.com\/es\/wp-json\/wp\/v2\/pages\/26733","targetHints":{"allow":["GET"]}}],"collection":[{"href":"https:\/\/touringinmorocco.com\/es\/wp-json\/wp\/v2\/pages"}],"about":[{"href":"https:\/\/touringinmorocco.com\/es\/wp-json\/wp\/v2\/types\/page"}],"author":[{"embeddable":true,"href":"https:\/\/touringinmorocco.com\/es\/wp-json\/wp\/v2\/users\/1"}],"replies":[{"embeddable":true,"href":"https:\/\/touringinmorocco.com\/es\/wp-json\/wp\/v2\/comments?post=26733"}],"version-history":[{"count":5,"href":"https:\/\/touringinmorocco.com\/es\/wp-json\/wp\/v2\/pages\/26733\/revisions"}],"predecessor-version":[{"id":26748,"href":"https:\/\/touringinmorocco.com\/es\/wp-json\/wp\/v2\/pages\/26733\/revisions\/26748"}],"wp:featuredmedia":[{"embeddable":true,"href":"https:\/\/touringinmorocco.com\/es\/wp-json\/wp\/v2\/media\/25325"}],"wp:attachment":[{"href":"https:\/\/touringinmorocco.com\/es\/wp-json\/wp\/v2\/media?parent=26733"}],"curies":[{"name":"wp","href":"https:\/\/api.w.org\/{rel}","templated":true}]}}